{"id":9,"date":"2012-07-10T16:27:00","date_gmt":"2012-07-10T16:27:00","guid":{"rendered":"http:\/\/langzeitmiete-leasing.de\/leasinguebernahme\/?page_id=9"},"modified":"2021-01-22T17:11:45","modified_gmt":"2021-01-22T16:11:45","slug":"impressum","status":"publish","type":"page","link":"https:\/\/langzeitmiete-leasing.de\/leasinguebernahme\/impressum\/","title":{"rendered":"Impressum"},"content":{"rendered":"<p>Impressum<\/p>\n<p>car-bizz.de ein Service von<\/p>\n<p>Burkhard Peuker Fuhrparkberatung<\/p>\n<p>Schweilbacher Str. 148<\/p>\n<p>52146 W\u00fcrselen bei Aachen<\/p>\n<p>T 02161\/6398369<\/p>\n<p>M0171\/7703231<\/p>\n<p>Im Falle von Domainstreitigkeiten, eventuellen Verst\u00f6ssen gegen das TDG oder den MDStV oder bei wettbewerbsrechtlichen oder \u00e4hnlichen Problemen bitten wir Sie, uns zur Vermeidung unn\u00f6tiger Rechtsstreitigkeiten und Kosten bereits im Vorfeld zu kontaktieren. (Kontaktdaten s.o.). Wir beabsichtigen nicht, uns mit einer eventuellen Unkorrektheit gegen geltendes Recht durchzusetzen.<\/p>\n<p>Wir erkl\u00e4ren hiermit ausdr\u00fccklich unsere Kooperationsbereitschaft und dass wir alle erforderlichen Ma\u00dfnahmen zur Beseitigung eines etwaigen Mangels ergreifen werden.<\/p>\n<p>Die Kostennote einer anwaltlichen Abmahnung &#8211; ohne vorhergehende Kontaktaufnahme &#8211; wird daher im Sinne der Schadensminderungspflicht als unbegr\u00fcndet zur\u00fcckgewiesen.<\/p>\n<p>Disclaimer Datenschutz<\/p>\n<p>Verweise und Links<\/p>\n<p>Wir, die Peuker Fuhrparkberatung nehmen den Schutz Ihrer pers\u00f6nlichen Daten sehr ernst und halten uns strikt an die Regeln der Datenschutzgesetze. Personenbezogene Daten werden auf dieser Webseite nur im technisch notwendigen Umfang erhoben. In keinem Fall werden die erhobenen Daten verkauft oder aus anderen niederen Gr\u00fcnden an Dritte weitergegeben.Ihre Daten werden lediglich an die Kooperationspartner zur weiteren Bearbeitung und Bonit\u00e4tspr\u00fcfung weitergegeben, der Sie durch Interesse durch die abgesendete Email zugestimmt haben.<\/p>\n<p>Die nachfolgende Erkl\u00e4rung gibt Ihnen einen \u00dcberblick dar\u00fcber, wie wir diesen Schutz gew\u00e4hrleisten und welche Art von Daten zu welchem Zweck erhoben werden.<\/p>\n<p>Datenverarbeitung auf dieser Internetseite<\/p>\n<p>Strato bzw. Loomes erheben und speichern automatisch in ihren Server Log Files Informationen, die Ihr Browser an uns \u00fcbermittelt. Dies sind:<\/p>\n<p>Browsertyp\/ -version<br \/>\nverwendetes Betriebssystem<br \/>\nReferrer URL (die zuvor besuchte Seite)<br \/>\nHostname des zugreifenden Rechners (IP Adresse)<br \/>\nUhrzeit der Serveranfrage.<br \/>\nDiese Daten sind f\u00fcr uns nicht bestimmten Personen zuzuordnen. Eine Zusammenf\u00fchrung dieser Daten mit anderen Datenquellen wird nicht vorgenommen, die Daten werden zudem nach einer statistischen Auswertung gel\u00f6scht.<\/p>\n<p>Newsletter<\/p>\n<p>Wenn Sie den auf der Webseite angebotenen Newsletter empfangen m\u00f6chten, ben\u00f6tigen wir von Ihnen eine Email-Adresse sowie Informationen, die uns die \u00dcberpr\u00fcfung gestatten, dass Sie der Inhaber der angegebenen Email-Adresse sind bzw. deren Inhaber mit dem Empfang des Newsletters einverstanden ist. Weitere Daten werden nicht erhoben.Ihre Einwilligung zur Speicherung der Daten, der Email-Adresse sowie deren Nutzung zum Versand des Newsletters k\u00f6nnen Sie jederzeit widerrufen.<\/p>\n<p>Auskunftsrecht<\/p>\n<p>Sie haben jederzeit das Recht auf Auskunft \u00fcber die bez\u00fcglich Ihrer Person gespeicherten Daten, deren Herkunft und Empf\u00e4nger sowie den Zweck der Speicherung. Auskunft \u00fcber die gespeicherten Daten gibt Burkhard Peuker.<\/p>\n<p>Weitere Informationen<\/p>\n<p>Ihr Vertrauen ist uns wichtig. Daher m\u00f6chten wir Ihnen jederzeit Rede und Antwort bez\u00fcglich der Verarbeitung Ihrer personenbezogenen Daten stehen. Wenn Sie Fragen haben, die Ihnen diese Datenschutzerkl\u00e4rung nicht beantworten konnte oder wenn Sie zu einem Punkt vertiefte Informationen w\u00fcnschen, wenden Sie sich bitte jederzeit an uns.<\/p>\n<p>Verweise und Links<\/p>\n<p>Bei direkten oder indirekten Verweisen auf fremde Internetseiten, \u00fcbernehmen wir keine Haftung f\u00fcr eventuell entstehende Sch\u00e4den. Wir machen uns den Inhalt verlinkter Seiten nicht zu Eigen. Wir erkl\u00e4ren hiermit ausdr\u00fccklich, dass zum Zeitpunkt der Linksetzung keine illegalen ( kriminelle, pornografische ) Inhalte auf den zu verlinkenden Seiten erkennbar waren. Auf die aktuelle und zuk\u00fcnftige Gestaltung, die Inhalte oder die Urheberschaft der gelinkten \/ verkn\u00fcpften Seiten haben wir keinerlei Einfluss. Deshalb distanzieren wir uns hiermit ausdr\u00fccklich von den Inhalten aller gelinkten \/ verkn\u00fcpften Seiten. F\u00fcr Sch\u00e4den, die aus der Nutzung oder Nichtnutzung solcherart dargebotener Informationen entstehen, haftet allein der Anbieter der Seite, auf welche verwiesen wurde, nicht derjenige, der \u00fcber Links auf die jeweilige Ver\u00f6ffentlichung verweist.<\/p>\n<p>Inhalt unseres Onlineangebotes<\/p>\n<p>Wir \u00fcbernehmen keinerlei Gew\u00e4hr f\u00fcr die Aktualit\u00e4t, Korrektheit, Vollst\u00e4ndigkeit oder Qualit\u00e4t der bereitgestellten Informationen. Wir behalten uns ausdr\u00fccklich vor, Teile der Seiten oder das gesamte Angebot ohne gesonderte Ank\u00fcndigung zu ver\u00e4ndern, zu erg\u00e4nzen, zu l\u00f6schen oder die Ver\u00f6ffentlichung zeitweise oder endg\u00fcltig einzustellen.<\/p>\n<p>Urheberrecht<\/p>\n<p>Wir sind bestrebt, in allen Publikationen die Urheberrechte der verwendeten Grafiken, Tondokumente, Videosequenzen und Texte zu beachten,unsere selbst erstellte Grafiken, Tondokumente, Videosequenzen und Texte zu nutzen oder auf lizenzfreie Grafiken, Tondokumente, Videosequenzen und Texte zur\u00fcckzugreifen. Das Copyright f\u00fcr ver\u00f6ffentlichte, von uns selbst erstellte Objekte bleibt allein beim Autor der Seiten. Eine Vervielf\u00e4ltigung oder Verwendung solcher Grafiken, Tondokumente, Videosequenzen und Texte in anderen elektronischen oder gedruckten Publikationen ist ohne unsere ausdr\u00fcckliche Zustimmung nicht gestattet.<\/p>\n<p>Werbung auf unseren Seiten<\/p>\n<p>Wir greifen auf Drittanbieter zur\u00fcck, um Anzeigen zu schalten, wenn Sie unsere Website besuchen. Diese Unternehmen nutzen m\u00f6glicherweise Informationen (dies schlie\u00dft nicht Ihren Namen, Ihre Adresse, E-Mail-Adresse oder Telefonnummer ein) zu Ihren Besuchen dieser und anderer Websites, damit Anzeigen zu Produkten und Diensten geschaltet werden k\u00f6nnen, die Sie interessieren. Falls Sie mehr \u00fcber diese Methoden erfahren m\u00f6chten oder wissen m\u00f6chten, welche M\u00f6glichkeiten Sie haben, damit diese Informationen nicht von den Unternehmen verwendet werden k\u00f6nnen, klicken Sie hier.<\/p>\n<p>Rechtswirksamkeit dieses Haftungsausschlusses<\/p>\n<p>Dieser Haftungsausschluss ist als Teil des Internetangebotes zu betrachten, von dem aus auf diese Seite verwiesen wurde. Sofern Teile oder einzelne Formulierungen dieses Textes der geltenden Rechtslage nicht, nicht mehr oder nicht vollst\u00e4ndig entsprechen sollten, bleiben die \u00fcbrigen Teile des Dokumentes in ihrem Inhalt und ihrer G\u00fcltigkeit davon unber\u00fchrt.<\/p>\n","protected":false},"excerpt":{"rendered":"<p>Impressum car-bizz.de ein Service von Burkhard Peuker Fuhrparkberatung Schweilbacher Str. 148 52146 W\u00fcrselen bei Aachen T 02161\/6398369 M0171\/7703231 Im Falle von Domainstreitigkeiten, eventuellen Verst\u00f6ssen gegen das TDG oder den MDStV oder bei wettbewerbsrechtlichen oder \u00e4hnlichen Problemen bitten wir Sie, uns zur Vermeidung unn\u00f6tiger Rechtsstreitigkeiten und Kosten bereits im Vorfeld zu kontaktieren. (Kontaktdaten s.o.). Wir beabsichtigen [&hellip;]<\/p>\n","protected":false},"author":1,"featured_media":0,"parent":0,"menu_order":0,"comment_status":"closed","ping_status":"open","template":"","meta":{"footnotes":""},"_links":{"self":[{"href":"https:\/\/langzeitmiete-leasing.de\/leasinguebernahme\/wp-json\/wp\/v2\/pages\/9"}],"collection":[{"href":"https:\/\/langzeitmiete-leasing.de\/leasinguebernahme\/wp-json\/wp\/v2\/pages"}],"about":[{"href":"https:\/\/langzeitmiete-leasing.de\/leasinguebernahme\/wp-json\/wp\/v2\/types\/page"}],"author":[{"embeddable":true,"href":"https:\/\/langzeitmiete-leasing.de\/leasinguebernahme\/wp-json\/wp\/v2\/users\/1"}],"replies":[{"embeddable":true,"href":"https:\/\/langzeitmiete-leasing.de\/leasinguebernahme\/wp-json\/wp\/v2\/comments?post=9"}],"version-history":[{"count":3,"href":"https:\/\/langzeitmiete-leasing.de\/leasinguebernahme\/wp-json\/wp\/v2\/pages\/9\/revisions"}],"predecessor-version":[{"id":806,"href":"https:\/\/langzeitmiete-leasing.de\/leasinguebernahme\/wp-json\/wp\/v2\/pages\/9\/revisions\/806"}],"wp:attachment":[{"href":"https:\/\/langzeitmiete-leasing.de\/leasinguebernahme\/wp-json\/wp\/v2\/media?parent=9"}],"curies":[{"name":"wp","href":"https:\/\/api.w.org\/{rel}","templated":true}]}}